{"id":128,"date":"2020-05-24T10:39:42","date_gmt":"2020-05-24T08:39:42","guid":{"rendered":"https:\/\/www.orlsrba.cz\/home\/"},"modified":"2026-03-16T14:45:29","modified_gmt":"2026-03-16T13:45:29","slug":"home","status":"publish","type":"page","link":"https:\/\/www.orlsrba.cz\/en\/","title":{"rendered":"Home"},"content":{"rendered":"\n<h2>\n\t\tOur services\n\t<\/h2>\n\t\t<ul>\n\t\t\t\t\t<li>\n\t\t\t\t\n\t\t<p>A full medical check-up (including endoscope and microscope), testing, diagnostic and treatment for ears, nose and throat.<\/p>\t\t\t\n\t\t\t<\/li>\n\t\t\t\t\t<li>\n\t\t\t\t\n\t\t<p>Oncology prevention including detailed examination of nasopharynx and larynx using a flexible endoscope.<\/p>\t\t\t\n\t\t\t<\/li>\n\t\t\t\t\t<li>\n\t\t\t\t\n\t\t<p>Examination of pharyngeal tonsil (adenoids) by children.<\/p>\t\t\t\n\t\t\t<\/li>\n\t\t\t\t\t<li>\n\t\t\t\t\n\t\tHearing testing (audiology) with audiometry and tympanometry.\t\t\t\n\t\t\t<\/li>\n\t\t\t\t\t<li>\n\t\t\t\t\n\t\t<p>Hearing screening for 5 year old children.<\/p>\t\t\t\n\t\t\t<\/li>\n\t\t\t\t\t<li>\n\t\t\t\t\n\t\t<p>Vestibular examination (examination of vertigo\/dizziness) and treatment including vestibular reposition maneuvers.<\/p>\t\t\t\n\t\t\t<\/li>\n\t\t\t\t\t<li>\n\t\t\t\t\n\t\tSnoring consultation.\t\t\t\n\t\t\t<\/li>\n\t\t\t\t\t<li>\n\t\t\t\t\n\t\t<p>Treatment of nasal bleeding or nasal fractures.<\/p>\t\t\t\n\t\t\t<\/li>\n\t\t\t\t\t<li>\n\t\t\t\t\n\t\tIn-listing and regular ORL check-ups for employees\/professionals.\t\t\t\n\t\t\t<\/li>\n\t\t\t\t<\/ul>\n<h2>\n\t\tAbout\n\t<\/h2>\n\t<p><strong>We are an othorhinolaryngology office in Prague, \u017di\u017ekov, near the city centre.<\/strong><\/p>\n<p>We offer a complete medical care for <strong>ears, nose and throat<\/strong> for <strong>adults and children<\/strong>.<\/p>\n<p>Our office is based at clinic Centrum zdravotn\u00ed p\u00e9\u010de Jarov, Hartigova 2427\/205, Praha 3 \u017di\u017ekov, 130 00.<\/p>\n<p>This clinic offers a wide range of other health care specialists under one roof including x-ray and labs.<\/p>\n<p>Our doctor is MUDr. Adam Srba.<\/p>\n<h2>\n\t\tPricing for private payers\n\t<\/h2>\n\t\t<ul>\n\t\t\t\t\t<li>\n\t\t\t\t\n\t\t<p>In-listing and regular ORL check-ups for professionals and employees: 1000 CZK.<\/p>\t\t\t\n\t\t\t<\/li>\n\t\t\t\t\t<li>\n\t\t\t\t\n\t\t<p>Comprehensive ENT examination: 1200 CZK.<\/p>\t\t\t\n\t\t\t<\/li>\n\t\t\t\t\t<li>\n\t\t\t\t\n\t\t<p>Targeted ENT examination: 800 CZK.<\/p>\t\t\t\n\t\t\t<\/li>\n\t\t\t\t\t<li>\n\t\t\t\t\n\t\t<p>ENT check-up: 500 CZK.<\/p>\t\t\t\n\t\t\t<\/li>\n\t\t\t\t\t<li>\n\t\t\t\t\n\t\t<p>Examination of a child 0 &#8211; 12 years old: + 200 CZK.<\/p>\t\t\t\n\t\t\t<\/li>\n\t\t\t\t\t<li>\n\t\t\t\t\n\t\t<p>Rigid or flexible endoscopy: + 800 CZK.<\/p>\t\t\t\n\t\t\t<\/li>\n\t\t\t\t\t<li>\n\t\t\t\t\n\t\t<p>Microotoscopy or optical otoscopy: + 300 CZK.<\/p>\t\t\t\n\t\t\t<\/li>\n\t\t\t\t\t<li>\n\t\t\t\t\n\t\t<p>Audiometry: + 400 CZK.<\/p>\t\t\t\n\t\t\t<\/li>\n\t\t\t\t\t<li>\n\t\t\t\t\n\t\t<p>Tympanometry: + 200 CZK.<\/p>\t\t\t\n\t\t\t<\/li>\n\t\t\t\t\t<li>\n\t\t\t\t\n\t\t<p>For detailed pricing of other procedures please see the price-list at our office.<\/p>\t\t\t\n\t\t\t<\/li>\n\t\t\t\t<\/ul>\n<h2>\n\t\tWe accept the following Czech insurance\n\t<\/h2>\n\t\t\t\t<img decoding=\"async\" src=\"https:\/\/www.orlsrba.cz\/wp-content\/uploads\/2020\/05\/logo-vzp.png\" alt=\"logo-vzp\" itemprop=\"image\" title=\"logo-vzp\" onerror=\"this.style.display='none'\"  \/>\n\t\t\t\t<img decoding=\"async\" src=\"https:\/\/www.orlsrba.cz\/wp-content\/uploads\/2020\/05\/logo-ozp-2.png\" alt=\"logo-ozp-2\" itemprop=\"image\" title=\"logo-ozp-2\" onerror=\"this.style.display='none'\"  \/>\n\t\t\t\t<img decoding=\"async\" src=\"https:\/\/www.orlsrba.cz\/wp-content\/uploads\/2020\/05\/logo-vozp.png\" alt=\"logo-vozp\" itemprop=\"image\" title=\"logo-vozp\" onerror=\"this.style.display='none'\"  \/>\n\t\t\t\t<img decoding=\"async\" src=\"https:\/\/www.orlsrba.cz\/wp-content\/uploads\/2020\/05\/logo-zpmv.png\" alt=\"logo-zpmv\" itemprop=\"image\" title=\"logo-zpmv\" onerror=\"this.style.display='none'\"  \/>\n<h2>\n\t\tContact details\n\t<\/h2>\n\t<strong>MUDr. SRBA ORL s.r.o.<\/strong><br \/>\nHartigova 2427\/205, Praha 3 \u017di\u017ekov, 130 00<br \/>\nCentrum zdravotn\u00ed p\u00e9\u010de Jarov, <strong>4th floor<\/strong>\nTram stop Chmelnice &#8211; tram n. 1, 9 and 11.<br \/>\nPaid street parking available in front of the clinic.\n\t<p><strong>CIN<\/strong> 04298624<\/p>\n\t<iframe loading=\"lazy\" src=\"https:\/\/www.google.com\/maps\/embed?pb=!1m18!1m12!1m3!1d2559.6488892008847!2d14.48399151618793!3d50.09286027942764!2m3!1f0!2f0!3f0!3m2!1i1024!2i768!4f13.1!3m3!1m2!1s0x470b934617aa8187%3A0x875b9e2d0395a81e!2zS29uxJt2b3ZhIDI0MjcvMjA1LCAxMzAgMDAgUHJhaGEgMy3FvWnFvmtvdg!5e0!3m2!1scs!2scz!4v1589883757017!5m2!1scs!2scz\" width=\"400\" height=\"400\" frameborder=\"0\" allowfullscreen=\"\" aria-hidden=\"false\" tabindex=\"0\"><\/iframe>\n<h2>\n\t\tOpening Hours\n\t<\/h2>\n\t<table>\n\t<tbody>\n\t\t<tr>\n\t\t\t<td width=\"135\"><strong>MONDAY<\/strong><\/td>\n\t\t\t<td width=\"200\">7:00 &#8211; 15:00<\/td>\n\t\t<\/tr>\n\t\t<tr>\n\t\t\t<td><strong>TUESDAY<\/strong><\/td>\n\t\t\t<td>8:00 &#8211; 14:00<\/td>\n\t\t<\/tr>\n\t\t<tr>\n\t\t\t<td><strong>WEDNESDAY<\/strong><\/td>\n\t\t\t<td>8:00 &#8211; 14:00<\/td>\n\t\t<\/tr>\n\t\t<tr>\n\t\t\t<td><strong>THURSDAY<\/strong><\/td>\n\t\t\t<td>8:00 &#8211; 14:00<\/td>\n\t\t<\/tr>\n\t\t<tr>\n\t\t\t<td><strong>FRIDAY<\/strong><\/td>\n\t\t\t<td>7:00 &#8211; 11:00<\/td>\n\t\t<\/tr>\n\t<\/tbody>\n<\/table>\n\t<p>Lunch break 12:00 &#8211; 12:15.<\/p>\n<p>Please note that the last patient is admitted 30 min before the closing hours.<\/p>\n\n","protected":false},"excerpt":{"rendered":"<p>Our services A full medical check-up (including endoscope and microscope), testing, diagnostic and treatment for ears, nose and throat. Oncology prevention including detailed examination of nasopharynx and larynx using a flexible endoscope. Examination of pharyngeal tonsil (adenoids) by children. Hearing testing (audiology) with audiometry and tympanometry. Hearing screening for 5 year old children. Vestibular examination&hellip;<\/p>\n","protected":false},"author":1,"featured_media":0,"parent":0,"menu_order":0,"comment_status":"closed","ping_status":"closed","template":"","meta":{"footnotes":""},"class_list":["post-128","page","type-page","status-publish","hentry"],"_links":{"self":[{"href":"https:\/\/www.orlsrba.cz\/en\/wp-json\/wp\/v2\/pages\/128","targetHints":{"allow":["GET"]}}],"collection":[{"href":"https:\/\/www.orlsrba.cz\/en\/wp-json\/wp\/v2\/pages"}],"about":[{"href":"https:\/\/www.orlsrba.cz\/en\/wp-json\/wp\/v2\/types\/page"}],"author":[{"embeddable":true,"href":"https:\/\/www.orlsrba.cz\/en\/wp-json\/wp\/v2\/users\/1"}],"replies":[{"embeddable":true,"href":"https:\/\/www.orlsrba.cz\/en\/wp-json\/wp\/v2\/comments?post=128"}],"version-history":[{"count":1,"href":"https:\/\/www.orlsrba.cz\/en\/wp-json\/wp\/v2\/pages\/128\/revisions"}],"predecessor-version":[{"id":1291,"href":"https:\/\/www.orlsrba.cz\/en\/wp-json\/wp\/v2\/pages\/128\/revisions\/1291"}],"wp:attachment":[{"href":"https:\/\/www.orlsrba.cz\/en\/wp-json\/wp\/v2\/media?parent=128"}],"curies":[{"name":"wp","href":"https:\/\/api.w.org\/{rel}","templated":true}]}}